{"id":2,"date":"2023-11-27T18:20:16","date_gmt":"2023-11-27T17:20:16","guid":{"rendered":"https:\/\/certyfikat.expert\/?page_id=2"},"modified":"2023-11-28T16:55:50","modified_gmt":"2023-11-28T15:55:50","slug":"przykladowa-strona","status":"publish","type":"page","link":"https:\/\/certyfikat.expert\/index.php\/przykladowa-strona\/","title":{"rendered":"Przyk\u0142adowa strona"},"content":{"rendered":"\n<p>Przyk\u0142adowa strona. Strony s\u0105 inne ni\u017c wpisy na blogu, poniewa\u017c nie tylko znajduj\u0105 si\u0119 zawsze w jednym miejscu, ale tak\u017ce pojawiaj\u0105 si\u0119 w menu witryny (w wi\u0119kszo\u015bci motyw\u00f3w). Wi\u0119kszo\u015b\u0107 u\u017cytkownik\u00f3w zaczyna od strony z informacjami o sobie, kt\u00f3ra zapozna ich przed odwiedzaj\u0105cymi witryn\u0119. Taka strona mo\u017ce zawiera\u0107 na przyk\u0142ad tak\u0105 tre\u015b\u0107:<\/p>\n\n\n\n<blockquote class=\"wp-block-quote has-contrast-color has-accent-background-color has-text-color has-background has-link-color has-large-font-size wp-elements-a2a451570537493f2239a2dcebde5d17 is-layout-flow wp-block-quote-is-layout-flow\">\n<p>Cze\u015b\u0107! Za dnia jestem kurierem rowerowym, noc\u0105 pr\u00f3buj\u0119 swoich si\u0142 w aktorstwie, a to jest moja witryna. Mieszkam w Krakowie, mam wspania\u0142ego psa kt\u00f3ry wabi si\u0119 Reks i lubi\u0119 pi\u00f1a colad\u0119 (oraz spacery, gdy pada deszcz).<\/p>\n<\/blockquote>\n\n\n\n<p>&#8230;albo co\u015b takiego:<\/p>\n\n\n\n<blockquote class=\"wp-block-quote is-layout-flow wp-block-quote-is-layout-flow\">\n<p>Firma XYZ Doohickey zosta\u0142a za\u0142o\u017cona w 1971 roku i od tamtej pory dostarcza spo\u0142ecze\u0144stwu dobrej jako\u015bci gad\u017cety. Znajduj\u0105ca si\u0119 w Gotham City XYZ zatrudnia ponad 2000 os\u00f3b i robi niesamowite rzeczy dla spo\u0142eczno\u015bci Gotham.<\/p>\n<\/blockquote>\n\n\n\n<p>Jako nowy u\u017cytkownik WordPressa, powiniene\u015b przej\u015b\u0107 do <a href=\"https:\/\/certyfikat.expert\/wp-admin\/\">swojego kokpitu<\/a> aby usun\u0105\u0107 t\u0119 stron\u0119 i stworzy\u0107 nowe z w\u0142asn\u0105 tre\u015bci\u0105. Dobrej zabawy!<\/p>\n\n\n\n<div class=\"wp-block-group alignwide has-global-padding is-layout-constrained wp-block-group-is-layout-constrained\">\n<div class=\"wp-block-columns is-layout-flex wp-container-core-columns-is-layout-28f84493 wp-block-columns-is-layout-flex\">\n<div class=\"wp-block-column is-layout-flow wp-block-column-is-layout-flow\" style=\"flex-basis:100%\">\n<figure class=\"wp-block-image aligncenter\"><img loading=\"lazy\" decoding=\"async\" width=\"1024\" height=\"576\" src=\"https:\/\/certyfikat.expert\/wp-content\/uploads\/2023\/11\/DSC6214-\u2014-kopia-1024x576.jpg\" alt=\"\" class=\"wp-image-11\" srcset=\"https:\/\/certyfikat.expert\/wp-content\/uploads\/2023\/11\/DSC6214-\u2014-kopia-1024x576.jpg 1024w, https:\/\/certyfikat.expert\/wp-content\/uploads\/2023\/11\/DSC6214-\u2014-kopia-300x169.jpg 300w, https:\/\/certyfikat.expert\/wp-content\/uploads\/2023\/11\/DSC6214-\u2014-kopia-768x432.jpg 768w, https:\/\/certyfikat.expert\/wp-content\/uploads\/2023\/11\/DSC6214-\u2014-kopia-1536x864.jpg 1536w, https:\/\/certyfikat.expert\/wp-content\/uploads\/2023\/11\/DSC6214-\u2014-kopia-2048x1152.jpg 2048w\" sizes=\"auto, (max-width: 1024px) 100vw, 1024px\" \/><\/figure>\n<\/div>\n<\/div>\n<\/div>\n","protected":false},"excerpt":{"rendered":"<p>Przyk\u0142adowa strona. Strony s\u0105 inne ni\u017c wpisy na blogu, poniewa\u017c nie tylko znajduj\u0105 si\u0119 zawsze w jednym miejscu, ale tak\u017ce pojawiaj\u0105 si\u0119 w menu witryny (w wi\u0119kszo\u015bci motyw\u00f3w). Wi\u0119kszo\u015b\u0107 u\u017cytkownik\u00f3w zaczyna od strony z informacjami o sobie, kt\u00f3ra zapozna ich przed odwiedzaj\u0105cymi witryn\u0119. Taka strona mo\u017ce zawiera\u0107 na przyk\u0142ad tak\u0105 tre\u015b\u0107: Cze\u015b\u0107! Za dnia jestem [&hellip;]<\/p>\n","protected":false},"author":1,"featured_media":0,"parent":0,"menu_order":0,"comment_status":"closed","ping_status":"open","template":"","meta":{"footnotes":""},"class_list":["post-2","page","type-page","status-publish","hentry"],"_links":{"self":[{"href":"https:\/\/certyfikat.expert\/index.php\/wp-json\/wp\/v2\/pages\/2","targetHints":{"allow":["GET"]}}],"collection":[{"href":"https:\/\/certyfikat.expert\/index.php\/wp-json\/wp\/v2\/pages"}],"about":[{"href":"https:\/\/certyfikat.expert\/index.php\/wp-json\/wp\/v2\/types\/page"}],"author":[{"embeddable":true,"href":"https:\/\/certyfikat.expert\/index.php\/wp-json\/wp\/v2\/users\/1"}],"replies":[{"embeddable":true,"href":"https:\/\/certyfikat.expert\/index.php\/wp-json\/wp\/v2\/comments?post=2"}],"version-history":[{"count":2,"href":"https:\/\/certyfikat.expert\/index.php\/wp-json\/wp\/v2\/pages\/2\/revisions"}],"predecessor-version":[{"id":12,"href":"https:\/\/certyfikat.expert\/index.php\/wp-json\/wp\/v2\/pages\/2\/revisions\/12"}],"wp:attachment":[{"href":"https:\/\/certyfikat.expert\/index.php\/wp-json\/wp\/v2\/media?parent=2"}],"curies":[{"name":"wp","href":"https:\/\/api.w.org\/{rel}","templated":true}]}}